{"id":553,"date":"2025-11-25T14:28:41","date_gmt":"2025-11-25T14:28:41","guid":{"rendered":"https:\/\/javarock.com.br\/?page_id=553"},"modified":"2025-11-25T14:28:41","modified_gmt":"2025-11-25T14:28:41","slug":"prefeito-de-cariacica-responde-ao-guns-n-roses-apos-erro-em-localizacao-do-show","status":"publish","type":"page","link":"https:\/\/javarock.com.br\/index.php\/prefeito-de-cariacica-responde-ao-guns-n-roses-apos-erro-em-localizacao-do-show\/","title":{"rendered":"Prefeito de Cariacica Responde ao Guns N\u2019 Roses Ap\u00f3s Erro em Localiza\u00e7\u00e3o do Show"},"content":{"rendered":"\n<p>A pol\u00eamica envolvendo a agenda do Guns N\u2019 Roses no Brasil para 2026 ganhou novos contornos ap\u00f3s o an\u00fancio da banda de que se apresentar\u00e1 no Esp\u00edrito Santo. O grupo confirmou para o dia 12 de abril uma performance no Est\u00e1dio Kleber Jos\u00e9 de Andrade, no munic\u00edpio de Cariacica. No entanto, a banda cometeu um erro ao indicar que o show ocorrer\u00e1 na capital Vit\u00f3ria, o que gerou um conflito com o prefeito de Cariacica, Eucl\u00e9rio Sampaio.<\/p>\n\n\n\n<p>Em declara\u00e7\u00f5es recentes, Sampaio n\u00e3o poupou cr\u00edticas ao equ\u00edvoco. Para ele, a confus\u00e3o sobre a localiza\u00e7\u00e3o do evento representa uma falta de respeito com a cidade de Cariacica. Em resposta, o prefeito declarou que o munic\u00edpio n\u00e3o recuar\u00e1 diante da situa\u00e7\u00e3o, afirmando: \u201cN\u00e3o \u00e9 porque \u00e9 uma banda dos Estados Unidos que vamos recuar. Se quiserem confronto, v\u00e3o ter.\u201d<\/p>\n\n\n\n<p>Sampaio tamb\u00e9m deixou claro, inicialmente, que poderia at\u00e9 mesmo impedir a realiza\u00e7\u00e3o do show, caso o erro n\u00e3o fosse corrigido. A situa\u00e7\u00e3o gerou um clima tenso, e o pol\u00edtico afirmou que a banda deveria ajustar o local indicado para que n\u00e3o houvesse mais mal-entendidos. Ele refor\u00e7ou seu compromisso com a cidade e garantiu que tomaria as provid\u00eancias necess\u00e1rias para proteger os interesses de Cariacica.<\/p>\n\n\n\n<p>O Guns N\u2019 Roses ainda n\u00e3o se pronunciou sobre o caso, mas os f\u00e3s aguardam ansiosos para saber como a situa\u00e7\u00e3o ser\u00e1 resolvida. O show, previsto para ser um dos maiores eventos do estado, segue programado, mas o impasse entre os envolvidos ainda promete render muitos desdobramentos.<\/p>\n","protected":false},"excerpt":{"rendered":"<p>A pol\u00eamica envolvendo a agenda do Guns N\u2019 Roses no Brasil para 2026 ganhou novos contornos ap\u00f3s o an\u00fancio da banda de que se apresentar\u00e1 no Esp\u00edrito Santo. O grupo confirmou para o dia 12 de abril uma performance no Est\u00e1dio Kleber Jos\u00e9 de Andrade, no munic\u00edpio de Cariacica. No entanto, a banda cometeu um erro ao indicar que o show ocorrer\u00e1 na capital Vit\u00f3ria, o que gerou um conflito com o prefeito de Cariacica, Eucl\u00e9rio Sampaio. Em declara\u00e7\u00f5es recentes, Sampaio n\u00e3o poupou cr\u00edticas ao equ\u00edvoco. Para ele, a confus\u00e3o sobre a localiza\u00e7\u00e3o do evento representa uma falta de respeito com a cidade de Cariacica. Em resposta, o prefeito declarou que o munic\u00edpio n\u00e3o recuar\u00e1 diante da situa\u00e7\u00e3o, afirmando: \u201cN\u00e3o \u00e9 porque \u00e9 uma banda dos Estados Unidos que vamos recuar. Se quiserem confronto, v\u00e3o ter.\u201d Sampaio tamb\u00e9m deixou claro, inicialmente, que poderia at\u00e9 mesmo impedir a realiza\u00e7\u00e3o do show, caso o erro n\u00e3o fosse corrigido. A situa\u00e7\u00e3o gerou um clima tenso, e o pol\u00edtico afirmou que a banda deveria ajustar o local indicado para que n\u00e3o houvesse mais mal-entendidos. Ele refor\u00e7ou seu compromisso com a cidade e garantiu que tomaria as provid\u00eancias necess\u00e1rias para proteger os interesses de Cariacica. O Guns N\u2019 Roses ainda n\u00e3o se pronunciou sobre o caso, mas os f\u00e3s aguardam ansiosos para saber como a situa\u00e7\u00e3o ser\u00e1 resolvida. O show, previsto para ser um dos maiores eventos do estado, segue programado, mas o impasse entre os envolvidos ainda promete render muitos desdobramentos.<\/p>\n","protected":false},"author":1,"featured_media":554,"parent":0,"menu_order":0,"comment_status":"closed","ping_status":"closed","template":"","meta":{"footnotes":""},"class_list":["post-553","page","type-page","status-publish","has-post-thumbnail","hentry"],"yoast_head":"<!-- This site is optimized with the Yoast SEO plugin v26.9 - https:\/\/yoast.com\/product\/yoast-seo-wordpress\/ -->\n<title>Prefeito de Cariacica Responde ao Guns N\u2019 Roses Ap\u00f3s Erro em Localiza\u00e7\u00e3o do Show -<\/title>\n<meta name=\"robots\" content=\"index, follow, max-snippet:-1, max-image-preview:large, max-video-preview:-1\" \/>\n<link rel=\"canonical\" href=\"https:\/\/javarock.com.br\/index.php\/prefeito-de-cariacica-responde-ao-guns-n-roses-apos-erro-em-localizacao-do-show\/\" \/>\n<meta property=\"og:locale\" content=\"pt_BR\" \/>\n<meta property=\"og:type\" content=\"article\" \/>\n<meta property=\"og:title\" content=\"Prefeito de Cariacica Responde ao Guns N\u2019 Roses Ap\u00f3s Erro em Localiza\u00e7\u00e3o do Show -\" \/>\n<meta property=\"og:description\" content=\"A pol\u00eamica envolvendo a agenda do Guns N\u2019 Roses no Brasil para 2026 ganhou novos contornos ap\u00f3s o an\u00fancio da banda de que se apresentar\u00e1 no Esp\u00edrito Santo. O grupo confirmou para o dia 12 de abril uma performance no Est\u00e1dio Kleber Jos\u00e9 de Andrade, no munic\u00edpio de Cariacica. No entanto, a banda cometeu um erro ao indicar que o show ocorrer\u00e1 na capital Vit\u00f3ria, o que gerou um conflito com o prefeito de Cariacica, Eucl\u00e9rio Sampaio. Em declara\u00e7\u00f5es recentes, Sampaio n\u00e3o poupou cr\u00edticas ao equ\u00edvoco. Para ele, a confus\u00e3o sobre a localiza\u00e7\u00e3o do evento representa uma falta de respeito com a cidade de Cariacica. Em resposta, o prefeito declarou que o munic\u00edpio n\u00e3o recuar\u00e1 diante da situa\u00e7\u00e3o, afirmando: \u201cN\u00e3o \u00e9 porque \u00e9 uma banda dos Estados Unidos que vamos recuar. Se quiserem confronto, v\u00e3o ter.\u201d Sampaio tamb\u00e9m deixou claro, inicialmente, que poderia at\u00e9 mesmo impedir a realiza\u00e7\u00e3o do show, caso o erro n\u00e3o fosse corrigido. A situa\u00e7\u00e3o gerou um clima tenso, e o pol\u00edtico afirmou que a banda deveria ajustar o local indicado para que n\u00e3o houvesse mais mal-entendidos. Ele refor\u00e7ou seu compromisso com a cidade e garantiu que tomaria as provid\u00eancias necess\u00e1rias para proteger os interesses de Cariacica. O Guns N\u2019 Roses ainda n\u00e3o se pronunciou sobre o caso, mas os f\u00e3s aguardam ansiosos para saber como a situa\u00e7\u00e3o ser\u00e1 resolvida. O show, previsto para ser um dos maiores eventos do estado, segue programado, mas o impasse entre os envolvidos ainda promete render muitos desdobramentos.\" \/>\n<meta property=\"og:url\" content=\"https:\/\/javarock.com.br\/index.php\/prefeito-de-cariacica-responde-ao-guns-n-roses-apos-erro-em-localizacao-do-show\/\" \/>\n<meta property=\"og:image\" content=\"https:\/\/javarock.com.br\/wp-content\/uploads\/2025\/11\/image-12.png\" \/>\n\t<meta property=\"og:image:width\" content=\"1320\" \/>\n\t<meta property=\"og:image:height\" content=\"768\" \/>\n\t<meta property=\"og:image:type\" content=\"image\/png\" \/>\n<meta name=\"twitter:card\" content=\"summary_large_image\" \/>\n<meta name=\"twitter:label1\" content=\"Est. tempo de leitura\" \/>\n\t<meta name=\"twitter:data1\" content=\"1 minuto\" \/>\n<script type=\"application\/ld+json\" class=\"yoast-schema-graph\">{\"@context\":\"https:\/\/schema.org\",\"@graph\":[{\"@type\":\"WebPage\",\"@id\":\"https:\/\/javarock.com.br\/index.php\/prefeito-de-cariacica-responde-ao-guns-n-roses-apos-erro-em-localizacao-do-show\/\",\"url\":\"https:\/\/javarock.com.br\/index.php\/prefeito-de-cariacica-responde-ao-guns-n-roses-apos-erro-em-localizacao-do-show\/\",\"name\":\"Prefeito de Cariacica Responde ao Guns N\u2019 Roses Ap\u00f3s Erro em Localiza\u00e7\u00e3o do Show -\",\"isPartOf\":{\"@id\":\"https:\/\/javarock.com.br\/#website\"},\"primaryImageOfPage\":{\"@id\":\"https:\/\/javarock.com.br\/index.php\/prefeito-de-cariacica-responde-ao-guns-n-roses-apos-erro-em-localizacao-do-show\/#primaryimage\"},\"image\":{\"@id\":\"https:\/\/javarock.com.br\/index.php\/prefeito-de-cariacica-responde-ao-guns-n-roses-apos-erro-em-localizacao-do-show\/#primaryimage\"},\"thumbnailUrl\":\"https:\/\/javarock.com.br\/wp-content\/uploads\/2025\/11\/image-12.png\",\"datePublished\":\"2025-11-25T14:28:41+00:00\",\"breadcrumb\":{\"@id\":\"https:\/\/javarock.com.br\/index.php\/prefeito-de-cariacica-responde-ao-guns-n-roses-apos-erro-em-localizacao-do-show\/#breadcrumb\"},\"inLanguage\":\"pt-BR\",\"potentialAction\":[{\"@type\":\"ReadAction\",\"target\":[\"https:\/\/javarock.com.br\/index.php\/prefeito-de-cariacica-responde-ao-guns-n-roses-apos-erro-em-localizacao-do-show\/\"]}]},{\"@type\":\"ImageObject\",\"inLanguage\":\"pt-BR\",\"@id\":\"https:\/\/javarock.com.br\/index.php\/prefeito-de-cariacica-responde-ao-guns-n-roses-apos-erro-em-localizacao-do-show\/#primaryimage\",\"url\":\"https:\/\/javarock.com.br\/wp-content\/uploads\/2025\/11\/image-12.png\",\"contentUrl\":\"https:\/\/javarock.com.br\/wp-content\/uploads\/2025\/11\/image-12.png\",\"width\":1320,\"height\":768,\"caption\":\"(Foto: Reprodu\u00e7\u00e3o\/Redes Sociais)\"},{\"@type\":\"BreadcrumbList\",\"@id\":\"https:\/\/javarock.com.br\/index.php\/prefeito-de-cariacica-responde-ao-guns-n-roses-apos-erro-em-localizacao-do-show\/#breadcrumb\",\"itemListElement\":[{\"@type\":\"ListItem\",\"position\":1,\"name\":\"In\u00edcio\",\"item\":\"https:\/\/javarock.com.br\/\"},{\"@type\":\"ListItem\",\"position\":2,\"name\":\"Prefeito de Cariacica Responde ao Guns N\u2019 Roses Ap\u00f3s Erro em Localiza\u00e7\u00e3o do Show\"}]},{\"@type\":\"WebSite\",\"@id\":\"https:\/\/javarock.com.br\/#website\",\"url\":\"https:\/\/javarock.com.br\/\",\"name\":\"Site JavaRock\",\"description\":\"\",\"publisher\":{\"@id\":\"https:\/\/javarock.com.br\/#organization\"},\"alternateName\":\"Java Rock\",\"potentialAction\":[{\"@type\":\"SearchAction\",\"target\":{\"@type\":\"EntryPoint\",\"urlTemplate\":\"https:\/\/javarock.com.br\/?s={search_term_string}\"},\"query-input\":{\"@type\":\"PropertyValueSpecification\",\"valueRequired\":true,\"valueName\":\"search_term_string\"}}],\"inLanguage\":\"pt-BR\"},{\"@type\":\"Organization\",\"@id\":\"https:\/\/javarock.com.br\/#organization\",\"name\":\"JavaRock Java Rock\",\"url\":\"https:\/\/javarock.com.br\/\",\"logo\":{\"@type\":\"ImageObject\",\"inLanguage\":\"pt-BR\",\"@id\":\"https:\/\/javarock.com.br\/#\/schema\/logo\/image\/\",\"url\":\"https:\/\/javarock.com.br\/wp-content\/uploads\/2025\/12\/cropped-logojavarock.png\",\"contentUrl\":\"https:\/\/javarock.com.br\/wp-content\/uploads\/2025\/12\/cropped-logojavarock.png\",\"width\":500,\"height\":156,\"caption\":\"JavaRock Java Rock\"},\"image\":{\"@id\":\"https:\/\/javarock.com.br\/#\/schema\/logo\/image\/\"},\"sameAs\":[\"https:\/\/www.instagram.com\/sitejavarock\"]}]}<\/script>\n<!-- \/ Yoast SEO plugin. -->","yoast_head_json":{"title":"Prefeito de Cariacica Responde ao Guns N\u2019 Roses Ap\u00f3s Erro em Localiza\u00e7\u00e3o do Show -","robots":{"index":"index","follow":"follow","max-snippet":"max-snippet:-1","max-image-preview":"max-image-preview:large","max-video-preview":"max-video-preview:-1"},"canonical":"https:\/\/javarock.com.br\/index.php\/prefeito-de-cariacica-responde-ao-guns-n-roses-apos-erro-em-localizacao-do-show\/","og_locale":"pt_BR","og_type":"article","og_title":"Prefeito de Cariacica Responde ao Guns N\u2019 Roses Ap\u00f3s Erro em Localiza\u00e7\u00e3o do Show -","og_description":"A pol\u00eamica envolvendo a agenda do Guns N\u2019 Roses no Brasil para 2026 ganhou novos contornos ap\u00f3s o an\u00fancio da banda de que se apresentar\u00e1 no Esp\u00edrito Santo. O grupo confirmou para o dia 12 de abril uma performance no Est\u00e1dio Kleber Jos\u00e9 de Andrade, no munic\u00edpio de Cariacica. No entanto, a banda cometeu um erro ao indicar que o show ocorrer\u00e1 na capital Vit\u00f3ria, o que gerou um conflito com o prefeito de Cariacica, Eucl\u00e9rio Sampaio. Em declara\u00e7\u00f5es recentes, Sampaio n\u00e3o poupou cr\u00edticas ao equ\u00edvoco. Para ele, a confus\u00e3o sobre a localiza\u00e7\u00e3o do evento representa uma falta de respeito com a cidade de Cariacica. Em resposta, o prefeito declarou que o munic\u00edpio n\u00e3o recuar\u00e1 diante da situa\u00e7\u00e3o, afirmando: \u201cN\u00e3o \u00e9 porque \u00e9 uma banda dos Estados Unidos que vamos recuar. Se quiserem confronto, v\u00e3o ter.\u201d Sampaio tamb\u00e9m deixou claro, inicialmente, que poderia at\u00e9 mesmo impedir a realiza\u00e7\u00e3o do show, caso o erro n\u00e3o fosse corrigido. A situa\u00e7\u00e3o gerou um clima tenso, e o pol\u00edtico afirmou que a banda deveria ajustar o local indicado para que n\u00e3o houvesse mais mal-entendidos. Ele refor\u00e7ou seu compromisso com a cidade e garantiu que tomaria as provid\u00eancias necess\u00e1rias para proteger os interesses de Cariacica. O Guns N\u2019 Roses ainda n\u00e3o se pronunciou sobre o caso, mas os f\u00e3s aguardam ansiosos para saber como a situa\u00e7\u00e3o ser\u00e1 resolvida. O show, previsto para ser um dos maiores eventos do estado, segue programado, mas o impasse entre os envolvidos ainda promete render muitos desdobramentos.","og_url":"https:\/\/javarock.com.br\/index.php\/prefeito-de-cariacica-responde-ao-guns-n-roses-apos-erro-em-localizacao-do-show\/","og_image":[{"width":1320,"height":768,"url":"https:\/\/javarock.com.br\/wp-content\/uploads\/2025\/11\/image-12.png","type":"image\/png"}],"twitter_card":"summary_large_image","twitter_misc":{"Est. tempo de leitura":"1 minuto"},"schema":{"@context":"https:\/\/schema.org","@graph":[{"@type":"WebPage","@id":"https:\/\/javarock.com.br\/index.php\/prefeito-de-cariacica-responde-ao-guns-n-roses-apos-erro-em-localizacao-do-show\/","url":"https:\/\/javarock.com.br\/index.php\/prefeito-de-cariacica-responde-ao-guns-n-roses-apos-erro-em-localizacao-do-show\/","name":"Prefeito de Cariacica Responde ao Guns N\u2019 Roses Ap\u00f3s Erro em Localiza\u00e7\u00e3o do Show -","isPartOf":{"@id":"https:\/\/javarock.com.br\/#website"},"primaryImageOfPage":{"@id":"https:\/\/javarock.com.br\/index.php\/prefeito-de-cariacica-responde-ao-guns-n-roses-apos-erro-em-localizacao-do-show\/#primaryimage"},"image":{"@id":"https:\/\/javarock.com.br\/index.php\/prefeito-de-cariacica-responde-ao-guns-n-roses-apos-erro-em-localizacao-do-show\/#primaryimage"},"thumbnailUrl":"https:\/\/javarock.com.br\/wp-content\/uploads\/2025\/11\/image-12.png","datePublished":"2025-11-25T14:28:41+00:00","breadcrumb":{"@id":"https:\/\/javarock.com.br\/index.php\/prefeito-de-cariacica-responde-ao-guns-n-roses-apos-erro-em-localizacao-do-show\/#breadcrumb"},"inLanguage":"pt-BR","potentialAction":[{"@type":"ReadAction","target":["https:\/\/javarock.com.br\/index.php\/prefeito-de-cariacica-responde-ao-guns-n-roses-apos-erro-em-localizacao-do-show\/"]}]},{"@type":"ImageObject","inLanguage":"pt-BR","@id":"https:\/\/javarock.com.br\/index.php\/prefeito-de-cariacica-responde-ao-guns-n-roses-apos-erro-em-localizacao-do-show\/#primaryimage","url":"https:\/\/javarock.com.br\/wp-content\/uploads\/2025\/11\/image-12.png","contentUrl":"https:\/\/javarock.com.br\/wp-content\/uploads\/2025\/11\/image-12.png","width":1320,"height":768,"caption":"(Foto: Reprodu\u00e7\u00e3o\/Redes Sociais)"},{"@type":"BreadcrumbList","@id":"https:\/\/javarock.com.br\/index.php\/prefeito-de-cariacica-responde-ao-guns-n-roses-apos-erro-em-localizacao-do-show\/#breadcrumb","itemListElement":[{"@type":"ListItem","position":1,"name":"In\u00edcio","item":"https:\/\/javarock.com.br\/"},{"@type":"ListItem","position":2,"name":"Prefeito de Cariacica Responde ao Guns N\u2019 Roses Ap\u00f3s Erro em Localiza\u00e7\u00e3o do Show"}]},{"@type":"WebSite","@id":"https:\/\/javarock.com.br\/#website","url":"https:\/\/javarock.com.br\/","name":"Site JavaRock","description":"","publisher":{"@id":"https:\/\/javarock.com.br\/#organization"},"alternateName":"Java Rock","potentialAction":[{"@type":"SearchAction","target":{"@type":"EntryPoint","urlTemplate":"https:\/\/javarock.com.br\/?s={search_term_string}"},"query-input":{"@type":"PropertyValueSpecification","valueRequired":true,"valueName":"search_term_string"}}],"inLanguage":"pt-BR"},{"@type":"Organization","@id":"https:\/\/javarock.com.br\/#organization","name":"JavaRock Java Rock","url":"https:\/\/javarock.com.br\/","logo":{"@type":"ImageObject","inLanguage":"pt-BR","@id":"https:\/\/javarock.com.br\/#\/schema\/logo\/image\/","url":"https:\/\/javarock.com.br\/wp-content\/uploads\/2025\/12\/cropped-logojavarock.png","contentUrl":"https:\/\/javarock.com.br\/wp-content\/uploads\/2025\/12\/cropped-logojavarock.png","width":500,"height":156,"caption":"JavaRock Java Rock"},"image":{"@id":"https:\/\/javarock.com.br\/#\/schema\/logo\/image\/"},"sameAs":["https:\/\/www.instagram.com\/sitejavarock"]}]}},"_links":{"self":[{"href":"https:\/\/javarock.com.br\/index.php\/wp-json\/wp\/v2\/pages\/553","targetHints":{"allow":["GET"]}}],"collection":[{"href":"https:\/\/javarock.com.br\/index.php\/wp-json\/wp\/v2\/pages"}],"about":[{"href":"https:\/\/javarock.com.br\/index.php\/wp-json\/wp\/v2\/types\/page"}],"author":[{"embeddable":true,"href":"https:\/\/javarock.com.br\/index.php\/wp-json\/wp\/v2\/users\/1"}],"replies":[{"embeddable":true,"href":"https:\/\/javarock.com.br\/index.php\/wp-json\/wp\/v2\/comments?post=553"}],"version-history":[{"count":1,"href":"https:\/\/javarock.com.br\/index.php\/wp-json\/wp\/v2\/pages\/553\/revisions"}],"predecessor-version":[{"id":555,"href":"https:\/\/javarock.com.br\/index.php\/wp-json\/wp\/v2\/pages\/553\/revisions\/555"}],"wp:featuredmedia":[{"embeddable":true,"href":"https:\/\/javarock.com.br\/index.php\/wp-json\/wp\/v2\/media\/554"}],"wp:attachment":[{"href":"https:\/\/javarock.com.br\/index.php\/wp-json\/wp\/v2\/media?parent=553"}],"curies":[{"name":"wp","href":"https:\/\/api.w.org\/{rel}","templated":true}]}}