{"id":593,"date":"2025-11-26T20:32:31","date_gmt":"2025-11-26T20:32:31","guid":{"rendered":"https:\/\/javarock.com.br\/?page_id=593"},"modified":"2025-11-28T18:55:50","modified_gmt":"2025-11-28T18:55:50","slug":"nossas-playlists-de-rock","status":"publish","type":"page","link":"https:\/\/javarock.com.br\/index.php\/nossas-playlists-de-rock\/","title":{"rendered":"Nossas Playlists de Rock"},"content":{"rendered":"\n<p>Se voc\u00ea \u00e9 f\u00e3 de rock, aqui \u00e9 o seu lugar! Em nosso site, temos playlists dedicadas aos mais variados estilos do g\u00eanero, desde o cl\u00e1ssico at\u00e9 as vertentes mais alternativas. Se a sua m\u00fasica est\u00e1 por aqui, ela certamente encontra espa\u00e7o em nossa sele\u00e7\u00e3o, porque acreditamos no poder do rock em todas as suas formas. Fique \u00e0 vontade para explorar, descobrir novas faixas e, quem sabe, encontrar sua pr\u00f3xima favorita. Aperte o play e junte-se a n\u00f3s na celebra\u00e7\u00e3o do som do rock!<br><\/p>\n\n\n\n<p><strong>1- Melhor do Rock Ga\u00facho<\/strong> <strong>SiteJavaRock<\/strong><\/p>\n\n\n\n<figure class=\"wp-block-embed is-type-rich is-provider-spotify wp-block-embed-spotify wp-embed-aspect-21-9 wp-has-aspect-ratio\"><div class=\"wp-block-embed__wrapper\">\n<iframe title=\"Spotify Embed: Melhor do Rock Ga\u00facho SiteJavaRock\" style=\"border-radius: 12px\" width=\"100%\" height=\"352\" frameborder=\"0\" allowfullscreen allow=\"autoplay; clipboard-write; encrypted-media; fullscreen; picture-in-picture\" loading=\"lazy\" src=\"https:\/\/open.spotify.com\/embed\/playlist\/4qApDXy7O3BP7Yglc00ror?utm_source=oembed\"><\/iframe>\n<\/div><\/figure>\n\n\n\n<p><\/p>\n\n\n\n<p><strong>2- Melhor do Rock da Stranger Things segundo SiteJavaRock<\/strong><\/p>\n\n\n\n<figure class=\"wp-block-embed is-type-rich is-provider-spotify wp-block-embed-spotify wp-embed-aspect-21-9 wp-has-aspect-ratio\"><div class=\"wp-block-embed__wrapper\">\n<iframe title=\"Spotify Embed: Trilha da s\u00e9rie Stranger Things segundo SiteJavaRock\" style=\"border-radius: 12px\" width=\"100%\" height=\"352\" frameborder=\"0\" allowfullscreen allow=\"autoplay; clipboard-write; encrypted-media; fullscreen; picture-in-picture\" loading=\"lazy\" src=\"https:\/\/open.spotify.com\/embed\/playlist\/6ItnnuQmvRJX2BaQDYD3id?si=kssrGWbTQqy_Qu1IibeZfg&#038;utm_source=oembed\"><\/iframe>\n<\/div><\/figure>\n","protected":false},"excerpt":{"rendered":"<p>Se voc\u00ea \u00e9 f\u00e3 de rock, aqui \u00e9 o seu lugar! Em nosso site, temos playlists dedicadas aos mais variados estilos do g\u00eanero, desde o cl\u00e1ssico at\u00e9 as vertentes mais alternativas. Se a sua m\u00fasica est\u00e1 por aqui, ela certamente encontra espa\u00e7o em nossa sele\u00e7\u00e3o, porque acreditamos no poder do rock em todas as suas formas. Fique \u00e0 vontade para explorar, descobrir novas faixas e, quem sabe, encontrar sua pr\u00f3xima favorita. Aperte o play e junte-se a n\u00f3s na celebra\u00e7\u00e3o do som do rock! 1- Melhor do Rock Ga\u00facho SiteJavaRock 2- Melhor do Rock da Stranger Things segundo SiteJavaRock<\/p>\n","protected":false},"author":1,"featured_media":0,"parent":0,"menu_order":0,"comment_status":"closed","ping_status":"closed","template":"","meta":{"footnotes":""},"class_list":["post-593","page","type-page","status-publish","hentry"],"yoast_head":"<!-- This site is optimized with the Yoast SEO plugin v26.9 - https:\/\/yoast.com\/product\/yoast-seo-wordpress\/ -->\n<title>Nossas Playlists de Rock -<\/title>\n<meta name=\"robots\" content=\"index, follow, max-snippet:-1, max-image-preview:large, max-video-preview:-1\" \/>\n<link rel=\"canonical\" href=\"https:\/\/javarock.com.br\/index.php\/nossas-playlists-de-rock\/\" \/>\n<meta property=\"og:locale\" content=\"pt_BR\" \/>\n<meta property=\"og:type\" content=\"article\" \/>\n<meta property=\"og:title\" content=\"Nossas Playlists de Rock -\" \/>\n<meta property=\"og:description\" content=\"Se voc\u00ea \u00e9 f\u00e3 de rock, aqui \u00e9 o seu lugar! Em nosso site, temos playlists dedicadas aos mais variados estilos do g\u00eanero, desde o cl\u00e1ssico at\u00e9 as vertentes mais alternativas. Se a sua m\u00fasica est\u00e1 por aqui, ela certamente encontra espa\u00e7o em nossa sele\u00e7\u00e3o, porque acreditamos no poder do rock em todas as suas formas. Fique \u00e0 vontade para explorar, descobrir novas faixas e, quem sabe, encontrar sua pr\u00f3xima favorita. Aperte o play e junte-se a n\u00f3s na celebra\u00e7\u00e3o do som do rock! 1- Melhor do Rock Ga\u00facho SiteJavaRock 2- Melhor do Rock da Stranger Things segundo SiteJavaRock\" \/>\n<meta property=\"og:url\" content=\"https:\/\/javarock.com.br\/index.php\/nossas-playlists-de-rock\/\" \/>\n<meta property=\"article:modified_time\" content=\"2025-11-28T18:55:50+00:00\" \/>\n<meta property=\"og:image\" content=\"https:\/\/javarock.com.br\/wp-content\/uploads\/2025\/12\/logojavarock-6.jpg\" \/>\n\t<meta property=\"og:image:width\" content=\"500\" \/>\n\t<meta property=\"og:image:height\" content=\"500\" \/>\n\t<meta property=\"og:image:type\" content=\"image\/jpeg\" \/>\n<meta name=\"twitter:card\" content=\"summary_large_image\" \/>\n<meta name=\"twitter:label1\" content=\"Est. tempo de leitura\" \/>\n\t<meta name=\"twitter:data1\" content=\"1 minuto\" \/>\n<script type=\"application\/ld+json\" class=\"yoast-schema-graph\">{\"@context\":\"https:\/\/schema.org\",\"@graph\":[{\"@type\":\"WebPage\",\"@id\":\"https:\/\/javarock.com.br\/index.php\/nossas-playlists-de-rock\/\",\"url\":\"https:\/\/javarock.com.br\/index.php\/nossas-playlists-de-rock\/\",\"name\":\"Nossas Playlists de Rock -\",\"isPartOf\":{\"@id\":\"https:\/\/javarock.com.br\/#website\"},\"datePublished\":\"2025-11-26T20:32:31+00:00\",\"dateModified\":\"2025-11-28T18:55:50+00:00\",\"breadcrumb\":{\"@id\":\"https:\/\/javarock.com.br\/index.php\/nossas-playlists-de-rock\/#breadcrumb\"},\"inLanguage\":\"pt-BR\",\"potentialAction\":[{\"@type\":\"ReadAction\",\"target\":[\"https:\/\/javarock.com.br\/index.php\/nossas-playlists-de-rock\/\"]}]},{\"@type\":\"BreadcrumbList\",\"@id\":\"https:\/\/javarock.com.br\/index.php\/nossas-playlists-de-rock\/#breadcrumb\",\"itemListElement\":[{\"@type\":\"ListItem\",\"position\":1,\"name\":\"In\u00edcio\",\"item\":\"https:\/\/javarock.com.br\/\"},{\"@type\":\"ListItem\",\"position\":2,\"name\":\"Nossas Playlists de Rock\"}]},{\"@type\":\"WebSite\",\"@id\":\"https:\/\/javarock.com.br\/#website\",\"url\":\"https:\/\/javarock.com.br\/\",\"name\":\"Site JavaRock\",\"description\":\"\",\"publisher\":{\"@id\":\"https:\/\/javarock.com.br\/#organization\"},\"alternateName\":\"Java Rock\",\"potentialAction\":[{\"@type\":\"SearchAction\",\"target\":{\"@type\":\"EntryPoint\",\"urlTemplate\":\"https:\/\/javarock.com.br\/?s={search_term_string}\"},\"query-input\":{\"@type\":\"PropertyValueSpecification\",\"valueRequired\":true,\"valueName\":\"search_term_string\"}}],\"inLanguage\":\"pt-BR\"},{\"@type\":\"Organization\",\"@id\":\"https:\/\/javarock.com.br\/#organization\",\"name\":\"JavaRock Java Rock\",\"url\":\"https:\/\/javarock.com.br\/\",\"logo\":{\"@type\":\"ImageObject\",\"inLanguage\":\"pt-BR\",\"@id\":\"https:\/\/javarock.com.br\/#\/schema\/logo\/image\/\",\"url\":\"https:\/\/javarock.com.br\/wp-content\/uploads\/2025\/12\/cropped-logojavarock.png\",\"contentUrl\":\"https:\/\/javarock.com.br\/wp-content\/uploads\/2025\/12\/cropped-logojavarock.png\",\"width\":500,\"height\":156,\"caption\":\"JavaRock Java Rock\"},\"image\":{\"@id\":\"https:\/\/javarock.com.br\/#\/schema\/logo\/image\/\"},\"sameAs\":[\"https:\/\/www.instagram.com\/sitejavarock\"]}]}<\/script>\n<!-- \/ Yoast SEO plugin. -->","yoast_head_json":{"title":"Nossas Playlists de Rock -","robots":{"index":"index","follow":"follow","max-snippet":"max-snippet:-1","max-image-preview":"max-image-preview:large","max-video-preview":"max-video-preview:-1"},"canonical":"https:\/\/javarock.com.br\/index.php\/nossas-playlists-de-rock\/","og_locale":"pt_BR","og_type":"article","og_title":"Nossas Playlists de Rock -","og_description":"Se voc\u00ea \u00e9 f\u00e3 de rock, aqui \u00e9 o seu lugar! Em nosso site, temos playlists dedicadas aos mais variados estilos do g\u00eanero, desde o cl\u00e1ssico at\u00e9 as vertentes mais alternativas. Se a sua m\u00fasica est\u00e1 por aqui, ela certamente encontra espa\u00e7o em nossa sele\u00e7\u00e3o, porque acreditamos no poder do rock em todas as suas formas. Fique \u00e0 vontade para explorar, descobrir novas faixas e, quem sabe, encontrar sua pr\u00f3xima favorita. Aperte o play e junte-se a n\u00f3s na celebra\u00e7\u00e3o do som do rock! 1- Melhor do Rock Ga\u00facho SiteJavaRock 2- Melhor do Rock da Stranger Things segundo SiteJavaRock","og_url":"https:\/\/javarock.com.br\/index.php\/nossas-playlists-de-rock\/","article_modified_time":"2025-11-28T18:55:50+00:00","og_image":[{"width":500,"height":500,"url":"https:\/\/javarock.com.br\/wp-content\/uploads\/2025\/12\/logojavarock-6.jpg","type":"image\/jpeg"}],"twitter_card":"summary_large_image","twitter_misc":{"Est. tempo de leitura":"1 minuto"},"schema":{"@context":"https:\/\/schema.org","@graph":[{"@type":"WebPage","@id":"https:\/\/javarock.com.br\/index.php\/nossas-playlists-de-rock\/","url":"https:\/\/javarock.com.br\/index.php\/nossas-playlists-de-rock\/","name":"Nossas Playlists de Rock -","isPartOf":{"@id":"https:\/\/javarock.com.br\/#website"},"datePublished":"2025-11-26T20:32:31+00:00","dateModified":"2025-11-28T18:55:50+00:00","breadcrumb":{"@id":"https:\/\/javarock.com.br\/index.php\/nossas-playlists-de-rock\/#breadcrumb"},"inLanguage":"pt-BR","potentialAction":[{"@type":"ReadAction","target":["https:\/\/javarock.com.br\/index.php\/nossas-playlists-de-rock\/"]}]},{"@type":"BreadcrumbList","@id":"https:\/\/javarock.com.br\/index.php\/nossas-playlists-de-rock\/#breadcrumb","itemListElement":[{"@type":"ListItem","position":1,"name":"In\u00edcio","item":"https:\/\/javarock.com.br\/"},{"@type":"ListItem","position":2,"name":"Nossas Playlists de Rock"}]},{"@type":"WebSite","@id":"https:\/\/javarock.com.br\/#website","url":"https:\/\/javarock.com.br\/","name":"Site JavaRock","description":"","publisher":{"@id":"https:\/\/javarock.com.br\/#organization"},"alternateName":"Java Rock","potentialAction":[{"@type":"SearchAction","target":{"@type":"EntryPoint","urlTemplate":"https:\/\/javarock.com.br\/?s={search_term_string}"},"query-input":{"@type":"PropertyValueSpecification","valueRequired":true,"valueName":"search_term_string"}}],"inLanguage":"pt-BR"},{"@type":"Organization","@id":"https:\/\/javarock.com.br\/#organization","name":"JavaRock Java Rock","url":"https:\/\/javarock.com.br\/","logo":{"@type":"ImageObject","inLanguage":"pt-BR","@id":"https:\/\/javarock.com.br\/#\/schema\/logo\/image\/","url":"https:\/\/javarock.com.br\/wp-content\/uploads\/2025\/12\/cropped-logojavarock.png","contentUrl":"https:\/\/javarock.com.br\/wp-content\/uploads\/2025\/12\/cropped-logojavarock.png","width":500,"height":156,"caption":"JavaRock Java Rock"},"image":{"@id":"https:\/\/javarock.com.br\/#\/schema\/logo\/image\/"},"sameAs":["https:\/\/www.instagram.com\/sitejavarock"]}]}},"_links":{"self":[{"href":"https:\/\/javarock.com.br\/index.php\/wp-json\/wp\/v2\/pages\/593","targetHints":{"allow":["GET"]}}],"collection":[{"href":"https:\/\/javarock.com.br\/index.php\/wp-json\/wp\/v2\/pages"}],"about":[{"href":"https:\/\/javarock.com.br\/index.php\/wp-json\/wp\/v2\/types\/page"}],"author":[{"embeddable":true,"href":"https:\/\/javarock.com.br\/index.php\/wp-json\/wp\/v2\/users\/1"}],"replies":[{"embeddable":true,"href":"https:\/\/javarock.com.br\/index.php\/wp-json\/wp\/v2\/comments?post=593"}],"version-history":[{"count":2,"href":"https:\/\/javarock.com.br\/index.php\/wp-json\/wp\/v2\/pages\/593\/revisions"}],"predecessor-version":[{"id":632,"href":"https:\/\/javarock.com.br\/index.php\/wp-json\/wp\/v2\/pages\/593\/revisions\/632"}],"wp:attachment":[{"href":"https:\/\/javarock.com.br\/index.php\/wp-json\/wp\/v2\/media?parent=593"}],"curies":[{"name":"wp","href":"https:\/\/api.w.org\/{rel}","templated":true}]}}